{"id":21,"date":"2025-06-12T19:54:28","date_gmt":"2025-06-12T19:54:28","guid":{"rendered":"https:\/\/aurum-valor.ch\/?page_id=21"},"modified":"2025-06-13T19:45:30","modified_gmt":"2025-06-13T19:45:30","slug":"aurum-valor-ihr-verlaesslicher-partner-fuer-edelmetalle","status":"publish","type":"page","link":"https:\/\/aurum-valor.ch\/","title":{"rendered":"Aurum Valor &#8211; Ihr verl\u00e4sslicher Partner f\u00fcr Edelmetalle"},"content":{"rendered":"\t\t<div data-elementor-type=\"wp-page\" data-elementor-id=\"21\" class=\"elementor elementor-21\" data-elementor-post-type=\"page\">\n\t\t\t\t<div class=\"elementor-element elementor-element-4c694c0 e-con-full e-flex e-con e-parent\" data-id=\"4c694c0\" data-element_type=\"container\" data-settings=\"{&quot;background_background&quot;:&quot;classic&quot;}\">\n\t\t<div class=\"elementor-element elementor-element-c224dd1 e-flex e-con-boxed e-con e-child\" data-id=\"c224dd1\" data-element_type=\"container\">\n\t\t\t\t\t<div class=\"e-con-inner\">\n\t\t\t\t<div class=\"elementor-element elementor-element-4808c99 elementor-widget elementor-widget-spacer\" data-id=\"4808c99\" data-element_type=\"widget\" data-widget_type=\"spacer.default\">\n\t\t\t\t<div class=\"elementor-widget-container\">\n\t\t\t\t\t\t\t<div class=\"elementor-spacer\">\n\t\t\t<div class=\"elementor-spacer-inner\"><\/div>\n\t\t<\/div>\n\t\t\t\t\t\t<\/div>\n\t\t\t\t<\/div>\n\t\t\t\t<div class=\"elementor-element elementor-element-36efe66 elementor-widget elementor-widget-image\" data-id=\"36efe66\" data-element_type=\"widget\" data-widget_type=\"image.default\">\n\t\t\t\t<div class=\"elementor-widget-container\">\n\t\t\t\t\t\t\t\t\t\t\t\t\t\t\t<img decoding=\"async\" width=\"100\" height=\"100\" src=\"https:\/\/aurum-valor.ch\/wp-content\/uploads\/2025\/06\/Aurum-Valor-Main-Logo-gold.final_.svg\" class=\"attachment-large size-large wp-image-79\" alt=\"\" \/>\t\t\t\t\t\t\t\t\t\t\t\t\t\t\t<\/div>\n\t\t\t\t<\/div>\n\t\t\t\t\t<\/div>\n\t\t\t\t<\/div>\n\t\t<div class=\"elementor-element elementor-element-4fdd58a e-flex e-con-boxed e-con e-child\" data-id=\"4fdd58a\" data-element_type=\"container\">\n\t\t\t\t\t<div class=\"e-con-inner\">\n\t\t\t\t<div class=\"elementor-element elementor-element-d953df4 elementor-widget elementor-widget-text-editor\" data-id=\"d953df4\" data-element_type=\"widget\" data-widget_type=\"text-editor.default\">\n\t\t\t\t<div class=\"elementor-widget-container\">\n\t\t\t\t\t\t\t\t\t<p>scroll<\/p>\t\t\t\t\t\t\t\t<\/div>\n\t\t\t\t<\/div>\n\t\t\t\t<div class=\"elementor-element elementor-element-af114ee elementor-view-default elementor-widget elementor-widget-icon\" data-id=\"af114ee\" data-element_type=\"widget\" data-widget_type=\"icon.default\">\n\t\t\t\t<div class=\"elementor-widget-container\">\n\t\t\t\t\t\t\t<div class=\"elementor-icon-wrapper\">\n\t\t\t<div class=\"elementor-icon\">\n\t\t\t<svg aria-hidden=\"true\" class=\"e-font-icon-svg e-fas-chevron-down\" viewBox=\"0 0 448 512\" xmlns=\"http:\/\/www.w3.org\/2000\/svg\"><path d=\"M207.029 381.476L12.686 187.132c-9.373-9.373-9.373-24.569 0-33.941l22.667-22.667c9.357-9.357 24.522-9.375 33.901-.04L224 284.505l154.745-154.021c9.379-9.335 24.544-9.317 33.901.04l22.667 22.667c9.373 9.373 9.373 24.569 0 33.941L240.971 381.476c-9.373 9.372-24.569 9.372-33.942 0z\"><\/path><\/svg>\t\t\t<\/div>\n\t\t<\/div>\n\t\t\t\t\t\t<\/div>\n\t\t\t\t<\/div>\n\t\t\t\t\t<\/div>\n\t\t\t\t<\/div>\n\t\t\t\t<\/div>\n\t\t<div class=\"elementor-element elementor-element-7b7cd0d e-flex e-con-boxed e-con e-parent\" data-id=\"7b7cd0d\" data-element_type=\"container\" data-settings=\"{&quot;background_background&quot;:&quot;classic&quot;}\">\n\t\t\t\t\t<div class=\"e-con-inner\">\n\t\t<div class=\"elementor-element elementor-element-4ff6ab1 e-con-full e-flex e-con e-child\" data-id=\"4ff6ab1\" data-element_type=\"container\">\n\t\t\t\t<div class=\"elementor-element elementor-element-a8cc5b4 elementor-widget elementor-widget-heading\" data-id=\"a8cc5b4\" data-element_type=\"widget\" data-widget_type=\"heading.default\">\n\t\t\t\t<div class=\"elementor-widget-container\">\n\t\t\t\t\t<h1 class=\"elementor-heading-title elementor-size-default\">Ihr verl\u00e4sslicher <br \/> \u2028Partner f\u00fcr Edelmetalle<\/h1>\t\t\t\t<\/div>\n\t\t\t\t<\/div>\n\t\t\t\t<div class=\"elementor-element elementor-element-7eebef1 elementor-widget elementor-widget-text-editor\" data-id=\"7eebef1\" data-element_type=\"widget\" data-widget_type=\"text-editor.default\">\n\t\t\t\t<div class=\"elementor-widget-container\">\n\t\t\t\t\t\t\t\t\t<p>Die Aurum Valor AG mit Sitz in der Schweiz steht f\u00fcr Sicherheit, Diskretion und fundierte Expertise im Handel mit physischen Edelmetallen. Wir bieten anspruchsvollen Privatkunden und institutionellen Investoren den An- und Verkauf von Gold, Silber, Platin und Palladium \u2013 verl\u00e4sslich, transparent und pers\u00f6nlich betreut. <\/p><p>Dabei geht unser Service weit \u00fcber den Handel hinaus: Wir beraten Sie umfassend zu sicheren und steuerlich optimierten Lagerl\u00f6sungen in Hochsicherheits- und Zolllagern innerhalb der Schweiz und lagern f\u00fcr Sie ein. Dank unserer internationalen Vernetzung und langj\u00e4hrigen Erfahrung im Edelmetallsektor k\u00f6nnen wir individuell auf Ihre W\u00fcnsche eingehen und ma\u00dfgeschneiderte L\u00f6sungen entwickeln.<\/p>\t\t\t\t\t\t\t\t<\/div>\n\t\t\t\t<\/div>\n\t\t\t\t<\/div>\n\t\t\t\t\t<\/div>\n\t\t\t\t<\/div>\n\t\t<div class=\"elementor-element elementor-element-e54c891 e-flex e-con-boxed e-con e-parent\" data-id=\"e54c891\" data-element_type=\"container\">\n\t\t\t\t\t<div class=\"e-con-inner\">\n\t\t<div class=\"elementor-element elementor-element-17f35d5 e-con-full e-flex e-con e-child\" data-id=\"17f35d5\" data-element_type=\"container\">\n\t\t<div class=\"elementor-element elementor-element-66582a1 e-con-full e-flex e-con e-child\" data-id=\"66582a1\" data-element_type=\"container\">\n\t\t\t\t<div class=\"elementor-element elementor-element-a41658c elementor-widget elementor-widget-image\" data-id=\"a41658c\" data-element_type=\"widget\" data-widget_type=\"image.default\">\n\t\t\t\t<div class=\"elementor-widget-container\">\n\t\t\t\t\t\t\t\t\t\t\t\t\t\t\t<img fetchpriority=\"high\" decoding=\"async\" width=\"466\" height=\"690\" src=\"https:\/\/aurum-valor.ch\/wp-content\/uploads\/2025\/06\/Rectangle-2.png\" class=\"attachment-large size-large wp-image-32\" alt=\"\" srcset=\"https:\/\/aurum-valor.ch\/wp-content\/uploads\/2025\/06\/Rectangle-2.png 466w, https:\/\/aurum-valor.ch\/wp-content\/uploads\/2025\/06\/Rectangle-2-203x300.png 203w\" sizes=\"(max-width: 466px) 100vw, 466px\" \/>\t\t\t\t\t\t\t\t\t\t\t\t\t\t\t<\/div>\n\t\t\t\t<\/div>\n\t\t\t\t<\/div>\n\t\t<div class=\"elementor-element elementor-element-e267002 e-con-full e-flex e-con e-child\" data-id=\"e267002\" data-element_type=\"container\">\n\t\t<div class=\"elementor-element elementor-element-f155dfa e-con-full e-flex e-con e-child\" data-id=\"f155dfa\" data-element_type=\"container\">\n\t\t\t\t<div class=\"elementor-element elementor-element-047b22a elementor-widget elementor-widget-heading\" data-id=\"047b22a\" data-element_type=\"widget\" data-widget_type=\"heading.default\">\n\t\t\t\t<div class=\"elementor-widget-container\">\n\t\t\t\t\t<h2 class=\"elementor-heading-title elementor-size-default\">Kontakt<\/h2>\t\t\t\t<\/div>\n\t\t\t\t<\/div>\n\t\t\t\t<div class=\"elementor-element elementor-element-381102c elementor-widget elementor-widget-text-editor\" data-id=\"381102c\" data-element_type=\"widget\" data-widget_type=\"text-editor.default\">\n\t\t\t\t<div class=\"elementor-widget-container\">\n\t\t\t\t\t\t\t\t\t<p>In K\u00fcrze erfahren Sie auf dieser Website mehr \u00fcber uns und unser Angebot.<\/p>\t\t\t\t\t\t\t\t<\/div>\n\t\t\t\t<\/div>\n\t\t\t\t<div class=\"elementor-element elementor-element-6a056de elementor-widget elementor-widget-text-editor\" data-id=\"6a056de\" data-element_type=\"widget\" data-widget_type=\"text-editor.default\">\n\t\t\t\t<div class=\"elementor-widget-container\">\n\t\t\t\t\t\t\t\t\t<p>Sollten Sie in der Zwischenzeit bereits Fragen haben, erreichen Sie uns \u00fcber die folgenden Kontaktm\u00f6glichkeiten.<\/p>\t\t\t\t\t\t\t\t<\/div>\n\t\t\t\t<\/div>\n\t\t\t\t<\/div>\n\t\t\t\t<\/div>\n\t\t\t\t<\/div>\n\t\t<div class=\"elementor-element elementor-element-9fb1fb3 e-con-full e-flex e-con e-child\" data-id=\"9fb1fb3\" data-element_type=\"container\">\n\t\t<div class=\"elementor-element elementor-element-1dc005c e-con-full elementor-hidden-desktop elementor-hidden-tablet elementor-hidden-mobile e-flex e-con e-child\" data-id=\"1dc005c\" data-element_type=\"container\">\n\t\t\t\t<div class=\"elementor-element elementor-element-5806a68 elementor-view-default elementor-widget elementor-widget-icon\" data-id=\"5806a68\" data-element_type=\"widget\" data-widget_type=\"icon.default\">\n\t\t\t\t<div class=\"elementor-widget-container\">\n\t\t\t\t\t\t\t<div class=\"elementor-icon-wrapper\">\n\t\t\t<div class=\"elementor-icon\">\n\t\t\t<svg aria-hidden=\"true\" class=\"e-font-icon-svg e-fas-map-pin\" viewBox=\"0 0 288 512\" xmlns=\"http:\/\/www.w3.org\/2000\/svg\"><path d=\"M112 316.94v156.69l22.02 33.02c4.75 7.12 15.22 7.12 19.97 0L176 473.63V316.94c-10.39 1.92-21.06 3.06-32 3.06s-21.61-1.14-32-3.06zM144 0C64.47 0 0 64.47 0 144s64.47 144 144 144 144-64.47 144-144S223.53 0 144 0zm0 76c-37.5 0-68 30.5-68 68 0 6.62-5.38 12-12 12s-12-5.38-12-12c0-50.73 41.28-92 92-92 6.62 0 12 5.38 12 12s-5.38 12-12 12z\"><\/path><\/svg>\t\t\t<\/div>\n\t\t<\/div>\n\t\t\t\t\t\t<\/div>\n\t\t\t\t<\/div>\n\t\t\t\t<div class=\"elementor-element elementor-element-25da026 elementor-widget elementor-widget-text-editor\" data-id=\"25da026\" data-element_type=\"widget\" data-widget_type=\"text-editor.default\">\n\t\t\t\t<div class=\"elementor-widget-container\">\n\t\t\t\t\t\t\t\t\t<p>Industriestra\u00dfe <br \/>47\u20286300 Zug\u2028<br \/>Schweiz<\/p>\t\t\t\t\t\t\t\t<\/div>\n\t\t\t\t<\/div>\n\t\t\t\t<\/div>\n\t\t<div class=\"elementor-element elementor-element-432e96b e-con-full e-flex e-con e-child\" data-id=\"432e96b\" data-element_type=\"container\">\n\t\t\t\t<div class=\"elementor-element elementor-element-5648905 elementor-view-default elementor-widget elementor-widget-icon\" data-id=\"5648905\" data-element_type=\"widget\" data-widget_type=\"icon.default\">\n\t\t\t\t<div class=\"elementor-widget-container\">\n\t\t\t\t\t\t\t<div class=\"elementor-icon-wrapper\">\n\t\t\t<a class=\"elementor-icon\" href=\"mailto:info@aurum-valor.ch\">\n\t\t\t<svg aria-hidden=\"true\" class=\"e-font-icon-svg e-far-envelope-open\" viewBox=\"0 0 512 512\" xmlns=\"http:\/\/www.w3.org\/2000\/svg\"><path d=\"M494.586 164.516c-4.697-3.883-111.723-89.95-135.251-108.657C337.231 38.191 299.437 0 256 0c-43.205 0-80.636 37.717-103.335 55.859-24.463 19.45-131.07 105.195-135.15 108.549A48.004 48.004 0 0 0 0 201.485V464c0 26.51 21.49 48 48 48h416c26.51 0 48-21.49 48-48V201.509a48 48 0 0 0-17.414-36.993zM464 458a6 6 0 0 1-6 6H54a6 6 0 0 1-6-6V204.347c0-1.813.816-3.526 2.226-4.665 15.87-12.814 108.793-87.554 132.364-106.293C200.755 78.88 232.398 48 256 48c23.693 0 55.857 31.369 73.41 45.389 23.573 18.741 116.503 93.493 132.366 106.316a5.99 5.99 0 0 1 2.224 4.663V458zm-31.991-187.704c4.249 5.159 3.465 12.795-1.745 16.981-28.975 23.283-59.274 47.597-70.929 56.863C336.636 362.283 299.205 400 256 400c-43.452 0-81.287-38.237-103.335-55.86-11.279-8.967-41.744-33.413-70.927-56.865-5.21-4.187-5.993-11.822-1.745-16.981l15.258-18.528c4.178-5.073 11.657-5.843 16.779-1.726 28.618 23.001 58.566 47.035 70.56 56.571C200.143 320.631 232.307 352 256 352c23.602 0 55.246-30.88 73.41-45.389 11.994-9.535 41.944-33.57 70.563-56.568 5.122-4.116 12.601-3.346 16.778 1.727l15.258 18.526z\"><\/path><\/svg>\t\t\t<\/a>\n\t\t<\/div>\n\t\t\t\t\t\t<\/div>\n\t\t\t\t<\/div>\n\t\t\t\t<div class=\"elementor-element elementor-element-c26acbf elementor-widget elementor-widget-text-editor\" data-id=\"c26acbf\" data-element_type=\"widget\" data-widget_type=\"text-editor.default\">\n\t\t\t\t<div class=\"elementor-widget-container\">\n\t\t\t\t\t\t\t\t\t<p><a href=\"mailto:info@aurum-valor.ch\" data-wplink-edit=\"true\">info@aurum-valor.ch<\/a><\/p>\t\t\t\t\t\t\t\t<\/div>\n\t\t\t\t<\/div>\n\t\t\t\t<\/div>\n\t\t<div class=\"elementor-element elementor-element-c2daccf e-con-full elementor-hidden-desktop elementor-hidden-tablet elementor-hidden-mobile e-flex e-con e-child\" data-id=\"c2daccf\" data-element_type=\"container\">\n\t\t\t\t<div class=\"elementor-element elementor-element-a142591 elementor-view-default elementor-widget elementor-widget-icon\" data-id=\"a142591\" data-element_type=\"widget\" data-widget_type=\"icon.default\">\n\t\t\t\t<div class=\"elementor-widget-container\">\n\t\t\t\t\t\t\t<div class=\"elementor-icon-wrapper\">\n\t\t\t<a class=\"elementor-icon\" href=\"tel:+411234567890\">\n\t\t\t<svg aria-hidden=\"true\" class=\"e-font-icon-svg e-fas-phone-alt\" viewBox=\"0 0 512 512\" xmlns=\"http:\/\/www.w3.org\/2000\/svg\"><path d=\"M497.39 361.8l-112-48a24 24 0 0 0-28 6.9l-49.6 60.6A370.66 370.66 0 0 1 130.6 204.11l60.6-49.6a23.94 23.94 0 0 0 6.9-28l-48-112A24.16 24.16 0 0 0 122.6.61l-104 24A24 24 0 0 0 0 48c0 256.5 207.9 464 464 464a24 24 0 0 0 23.4-18.6l24-104a24.29 24.29 0 0 0-14.01-27.6z\"><\/path><\/svg>\t\t\t<\/a>\n\t\t<\/div>\n\t\t\t\t\t\t<\/div>\n\t\t\t\t<\/div>\n\t\t\t\t<div class=\"elementor-element elementor-element-64dd3cf elementor-widget elementor-widget-text-editor\" data-id=\"64dd3cf\" data-element_type=\"widget\" data-widget_type=\"text-editor.default\">\n\t\t\t\t<div class=\"elementor-widget-container\">\n\t\t\t\t\t\t\t\t\t<p><a href=\"tel:+411234567890\" data-wplink-edit=\"true\">+41 123 456 789 0<\/a><\/p>\t\t\t\t\t\t\t\t<\/div>\n\t\t\t\t<\/div>\n\t\t\t\t<\/div>\n\t\t\t\t<\/div>\n\t\t\t\t\t<\/div>\n\t\t\t\t<\/div>\n\t\t\t\t<\/div>\n\t\t","protected":false},"excerpt":{"rendered":"<p>scroll Ihr verl\u00e4sslicher \u2028Partner f\u00fcr Edelmetalle Die Aurum Valor AG mit Sitz in der Schweiz steht f\u00fcr Sicherheit, Diskretion und fundierte Expertise im Handel mit physischen Edelmetallen. Wir bieten anspruchsvollen Privatkunden und institutionellen Investoren den An- und Verkauf von Gold, Silber, Platin und Palladium \u2013 verl\u00e4sslich, transparent und pers\u00f6nlich betreut. Dabei geht unser Service weit [&hellip;]<\/p>\n","protected":false},"author":1,"featured_media":0,"parent":0,"menu_order":0,"comment_status":"closed","ping_status":"closed","template":"elementor_header_footer","meta":{"footnotes":""},"class_list":["post-21","page","type-page","status-publish","hentry"],"_links":{"self":[{"href":"https:\/\/aurum-valor.ch\/index.php\/wp-json\/wp\/v2\/pages\/21","targetHints":{"allow":["GET"]}}],"collection":[{"href":"https:\/\/aurum-valor.ch\/index.php\/wp-json\/wp\/v2\/pages"}],"about":[{"href":"https:\/\/aurum-valor.ch\/index.php\/wp-json\/wp\/v2\/types\/page"}],"author":[{"embeddable":true,"href":"https:\/\/aurum-valor.ch\/index.php\/wp-json\/wp\/v2\/users\/1"}],"replies":[{"embeddable":true,"href":"https:\/\/aurum-valor.ch\/index.php\/wp-json\/wp\/v2\/comments?post=21"}],"version-history":[{"count":28,"href":"https:\/\/aurum-valor.ch\/index.php\/wp-json\/wp\/v2\/pages\/21\/revisions"}],"predecessor-version":[{"id":88,"href":"https:\/\/aurum-valor.ch\/index.php\/wp-json\/wp\/v2\/pages\/21\/revisions\/88"}],"wp:attachment":[{"href":"https:\/\/aurum-valor.ch\/index.php\/wp-json\/wp\/v2\/media?parent=21"}],"curies":[{"name":"wp","href":"https:\/\/api.w.org\/{rel}","templated":true}]}}